{"id":2,"date":"2025-01-14T10:48:58","date_gmt":"2025-01-14T10:48:58","guid":{"rendered":"https:\/\/feliarropakonponketak.rkinformatika.online\/?page_id=2"},"modified":"2025-04-02T15:56:00","modified_gmt":"2025-04-02T15:56:00","slug":"inicio","status":"publish","type":"page","link":"https:\/\/confeccionessefi.com\/en\/","title":{"rendered":"Home"},"content":{"rendered":"<div data-elementor-type=\"wp-page\" data-elementor-id=\"2\" class=\"elementor elementor-2\" data-elementor-post-type=\"page\">\n\t\t\t\t<div class=\"elementor-element elementor-element-5ffbbec e-con-full e-flex e-con e-parent\" data-id=\"5ffbbec\" data-element_type=\"container\" data-e-type=\"container\" data-settings=\"{&quot;background_background&quot;:&quot;classic&quot;}\">\n\t\t\t\t<div class=\"elementor-element elementor-element-cd9b0d6 animated-slow elementor-invisible elementor-widget elementor-widget-heading\" data-id=\"cd9b0d6\" data-element_type=\"widget\" data-e-type=\"widget\" data-settings=\"{&quot;_animation&quot;:&quot;fadeIn&quot;}\" data-widget_type=\"heading.default\">\n\t\t\t\t<div class=\"elementor-widget-container\">\n\t\t\t\t\t<h2 class=\"elementor-heading-title elementor-size-default\">Fashion, quality, and tradition.<\/h2>\t\t\t\t<\/div>\n\t\t\t\t<\/div>\n\t\t\t\t<div class=\"elementor-element elementor-element-873e240 elementor-widget elementor-widget-heading\" data-id=\"873e240\" data-element_type=\"widget\" data-e-type=\"widget\" data-widget_type=\"heading.default\">\n\t\t\t\t<div class=\"elementor-widget-container\">\n\t\t\t\t\t<h2 class=\"elementor-heading-title elementor-size-default\"><a href=\"https:\/\/confeccionessefi.com\/en\/contacto\/\">Get closer and experience fashion with proximity and quality.<\/a><\/h2>\t\t\t\t<\/div>\n\t\t\t\t<\/div>\n\t\t\t\t<\/div>\n\t\t<div class=\"elementor-element elementor-element-bb2d8e4 e-flex e-con-boxed elementor-invisible e-con e-parent\" data-id=\"bb2d8e4\" data-element_type=\"container\" data-e-type=\"container\" data-settings=\"{&quot;background_background&quot;:&quot;classic&quot;,&quot;animation&quot;:&quot;fadeInLeft&quot;}\">\n\t\t\t\t\t<div class=\"e-con-inner\">\n\t\t<div class=\"elementor-element elementor-element-d30cc71 e-con-full e-flex e-con e-child\" data-id=\"d30cc71\" data-element_type=\"container\" data-e-type=\"container\">\n\t\t\t\t<div class=\"elementor-element elementor-element-b1a8108 elementor-widget elementor-widget-heading\" data-id=\"b1a8108\" data-element_type=\"widget\" data-e-type=\"widget\" data-widget_type=\"heading.default\">\n\t\t\t\t<div class=\"elementor-widget-container\">\n\t\t\t\t\t<h2 class=\"elementor-heading-title elementor-size-default\">Who are we?<\/h2>\t\t\t\t<\/div>\n\t\t\t\t<\/div>\n\t\t\t\t<div class=\"elementor-element elementor-element-7eab2d1 elementor-widget__width-initial elementor-widget elementor-widget-text-editor\" data-id=\"7eab2d1\" data-element_type=\"widget\" data-e-type=\"widget\" data-widget_type=\"text-editor.default\">\n\t\t\t\t<div class=\"elementor-widget-container\">\n\t\t\t\t\t\t\t\t\t<p>Confecciones Sefi, for modern women who seek the warmth and personalized service of a traditional store. With over 40 years of experience, we are a trusted retailer offering both the latest fashion and home products, as well as hard-to-find items: plus sizes and custom-ordered products.<\/p><p>Confecciones Sefi is not just clothing; it's a passion for fashion. It's the local store that has passed through the hands of experts from generation to generation.<\/p>\t\t\t\t\t\t\t\t<\/div>\n\t\t\t\t<\/div>\n\t\t\t\t<\/div>\n\t\t<div class=\"elementor-element elementor-element-bed3bda e-con-full e-flex e-con e-child\" data-id=\"bed3bda\" data-element_type=\"container\" data-e-type=\"container\">\n\t\t\t\t<div class=\"elementor-element elementor-element-05ddc21 elementor-widget elementor-widget-image\" data-id=\"05ddc21\" data-element_type=\"widget\" data-e-type=\"widget\" data-widget_type=\"image.default\">\n\t\t\t\t<div class=\"elementor-widget-container\">\n\t\t\t\t\t\t\t\t\t\t\t\t\t\t\t<img fetchpriority=\"high\" decoding=\"async\" width=\"1000\" height=\"1000\" src=\"https:\/\/confeccionessefi.com\/wp-content\/uploads\/2025\/03\/Design-sem-nome-1.png\" class=\"attachment-full size-full wp-image-1147\" alt=\"\" srcset=\"https:\/\/confeccionessefi.com\/wp-content\/uploads\/2025\/03\/Design-sem-nome-1.png 1000w, https:\/\/confeccionessefi.com\/wp-content\/uploads\/2025\/03\/Design-sem-nome-1-300x300.png 300w, https:\/\/confeccionessefi.com\/wp-content\/uploads\/2025\/03\/Design-sem-nome-1-150x150.png 150w, https:\/\/confeccionessefi.com\/wp-content\/uploads\/2025\/03\/Design-sem-nome-1-768x768.png 768w, https:\/\/confeccionessefi.com\/wp-content\/uploads\/2025\/03\/Design-sem-nome-1-12x12.png 12w\" sizes=\"(max-width: 1000px) 100vw, 1000px\" \/>\t\t\t\t\t\t\t\t\t\t\t\t\t\t\t<\/div>\n\t\t\t\t<\/div>\n\t\t\t\t<\/div>\n\t\t\t\t\t<\/div>\n\t\t\t\t<\/div>\n\t\t<div class=\"elementor-element elementor-element-4fadcf9 e-con-full e-flex e-con e-parent\" data-id=\"4fadcf9\" data-element_type=\"container\" data-e-type=\"container\" data-settings=\"{&quot;background_background&quot;:&quot;classic&quot;}\">\n\t\t\t\t<div class=\"elementor-element elementor-element-57f70b2 elementor-widget elementor-widget-heading\" data-id=\"57f70b2\" data-element_type=\"widget\" data-e-type=\"widget\" data-widget_type=\"heading.default\">\n\t\t\t\t<div class=\"elementor-widget-container\">\n\t\t\t\t\t<h2 class=\"elementor-heading-title elementor-size-default\">Years of Trust, Quality, and Satisfaction.<\/h2>\t\t\t\t<\/div>\n\t\t\t\t<\/div>\n\t\t\t\t<\/div>\n\t\t<div class=\"elementor-element elementor-element-ce2b3e2 e-flex e-con-boxed e-con e-parent\" data-id=\"ce2b3e2\" data-element_type=\"container\" data-e-type=\"container\" data-settings=\"{&quot;background_background&quot;:&quot;classic&quot;}\">\n\t\t\t\t\t<div class=\"e-con-inner\">\n\t\t\t\t<div class=\"elementor-element elementor-element-413c410 elementor-widget elementor-widget-heading\" data-id=\"413c410\" data-element_type=\"widget\" data-e-type=\"widget\" data-widget_type=\"heading.default\">\n\t\t\t\t<div class=\"elementor-widget-container\">\n\t\t\t\t\t<h2 class=\"elementor-heading-title elementor-size-default\">Visit us and discover why we are your trusted store for fashion and home.<\/h2>\t\t\t\t<\/div>\n\t\t\t\t<\/div>\n\t\t\t\t<div class=\"elementor-element elementor-element-9071148 elementor-align-left elementor-tablet-align-center elementor-widget elementor-widget-button\" data-id=\"9071148\" data-element_type=\"widget\" data-e-type=\"widget\" data-widget_type=\"button.default\">\n\t\t\t\t<div class=\"elementor-widget-container\">\n\t\t\t\t\t\t\t\t\t<div class=\"elementor-button-wrapper\">\n\t\t\t\t\t<a class=\"elementor-button elementor-button-link elementor-size-md elementor-animation-bounce-in\" href=\"https:\/\/confeccionessefi.com\/en\/servicios\/\">\n\t\t\t\t\t\t<span class=\"elementor-button-content-wrapper\">\n\t\t\t\t\t\t\t\t\t<span class=\"elementor-button-text\">Services<\/span>\n\t\t\t\t\t<\/span>\n\t\t\t\t\t<\/a>\n\t\t\t\t<\/div>\n\t\t\t\t\t\t\t\t<\/div>\n\t\t\t\t<\/div>\n\t\t\t\t\t<\/div>\n\t\t\t\t<\/div>\n\t\t\t\t<section class=\"elementor-section elementor-top-section elementor-element elementor-element-46cbf7e6 elementor-section-boxed elementor-section-height-default elementor-section-height-default\" data-id=\"46cbf7e6\" data-element_type=\"section\" data-e-type=\"section\" data-settings=\"{&quot;background_background&quot;:&quot;classic&quot;}\">\n\t\t\t\t\t\t\t<div class=\"elementor-background-overlay\"><\/div>\n\t\t\t\t\t\t\t<div class=\"elementor-container elementor-column-gap-no\">\n\t\t\t\t\t<div class=\"elementor-column elementor-col-100 elementor-top-column elementor-element elementor-element-5f32d063\" data-id=\"5f32d063\" data-element_type=\"column\" data-e-type=\"column\">\n\t\t\t<div class=\"elementor-widget-wrap elementor-element-populated\">\n\t\t\t\t\t\t<div class=\"elementor-element elementor-element-397b0e4a elementor-widget__width-initial elementor-widget-mobile__width-initial elementor-invisible elementor-widget elementor-widget-text-editor\" data-id=\"397b0e4a\" data-element_type=\"widget\" data-e-type=\"widget\" data-settings=\"{&quot;_animation&quot;:&quot;fadeInUp&quot;,&quot;_animation_delay&quot;:300}\" data-widget_type=\"text-editor.default\">\n\t\t\t\t<div class=\"elementor-widget-container\">\n\t\t\t\t\t\t\t\t\t<p>It\u2019s not just a store; it\u2019s a fashion experience with a personal touch.<\/p>\t\t\t\t\t\t\t\t<\/div>\n\t\t\t\t<\/div>\n\t\t\t\t<div class=\"elementor-element elementor-element-58d88d8 animated-slow elementor-widget-mobile__width-initial elementor-invisible elementor-widget elementor-widget-heading\" data-id=\"58d88d8\" data-element_type=\"widget\" data-e-type=\"widget\" data-settings=\"{&quot;_animation&quot;:&quot;zoomIn&quot;}\" data-widget_type=\"heading.default\">\n\t\t\t\t<div class=\"elementor-widget-container\">\n\t\t\t\t\t<h2 class=\"elementor-heading-title elementor-size-default\">Come visit us, we\u2019ll be happy to assist you!<\/h2>\t\t\t\t<\/div>\n\t\t\t\t<\/div>\n\t\t\t\t<div class=\"elementor-element elementor-element-71e88556 elementor-align-center elementor-tablet-align-center elementor-widget elementor-widget-button\" data-id=\"71e88556\" data-element_type=\"widget\" data-e-type=\"widget\" data-widget_type=\"button.default\">\n\t\t\t\t<div class=\"elementor-widget-container\">\n\t\t\t\t\t\t\t\t\t<div class=\"elementor-button-wrapper\">\n\t\t\t\t\t<a class=\"elementor-button elementor-button-link elementor-size-md elementor-animation-bounce-in\" href=\"https:\/\/confeccionessefi.com\/en\/contacto\/\">\n\t\t\t\t\t\t<span class=\"elementor-button-content-wrapper\">\n\t\t\t\t\t\t<span class=\"elementor-button-icon\">\n\t\t\t\t<svg aria-hidden=\"true\" class=\"e-font-icon-svg e-fas-phone-alt\" viewbox=\"0 0 512 512\" xmlns=\"http:\/\/www.w3.org\/2000\/svg\"><path d=\"M497.39 361.8l-112-48a24 24 0 0 0-28 6.9l-49.6 60.6A370.66 370.66 0 0 1 130.6 204.11l60.6-49.6a23.94 23.94 0 0 0 6.9-28l-48-112A24.16 24.16 0 0 0 122.6.61l-104 24A24 24 0 0 0 0 48c0 256.5 207.9 464 464 464a24 24 0 0 0 23.4-18.6l24-104a24.29 24.29 0 0 0-14.01-27.6z\"><\/path><\/svg>\t\t\t<\/span>\n\t\t\t\t\t\t\t\t\t<span class=\"elementor-button-text\">Contact us<\/span>\n\t\t\t\t\t<\/span>\n\t\t\t\t\t<\/a>\n\t\t\t\t<\/div>\n\t\t\t\t\t\t\t\t<\/div>\n\t\t\t\t<\/div>\n\t\t\t\t\t<\/div>\n\t\t<\/div>\n\t\t\t\t\t<\/div>\n\t\t<\/section>\n\t\t\t\t<\/div>","protected":false},"excerpt":{"rendered":"<p>Moda, calidad y tradici\u00f3n Ac\u00e9rcate y vive la experiencia de la moda con cercan\u00eda y calidad. \u00bfQui\u00e9nes Somos? Confecciones Sefi, para mujeres actuales qu\u00e9 buscan de la calidez y el trato cercano de la tienda de toda la vida.Mas de 40 a\u00f1os nos avalan como comercio de referencia tanto en productos de \u00faltima tendencia de [&hellip;]<\/p>\n","protected":false},"author":3,"featured_media":0,"parent":0,"menu_order":0,"comment_status":"closed","ping_status":"closed","template":"elementor_canvas","meta":{"footnotes":""},"class_list":["post-2","page","type-page","status-publish","hentry"],"yoast_head":"<!-- This site is optimized with the Yoast SEO plugin v27.4 - https:\/\/yoast.com\/product\/yoast-seo-wordpress\/ -->\n<title>Inicio - Confecciones Sefi<\/title>\n<meta name=\"robots\" content=\"index, follow, max-snippet:-1, max-image-preview:large, max-video-preview:-1\" \/>\n<link rel=\"canonical\" href=\"https:\/\/confeccionessefi.com\/en\/\" \/>\n<meta property=\"og:locale\" content=\"en_GB\" \/>\n<meta property=\"og:type\" content=\"article\" \/>\n<meta property=\"og:title\" content=\"Inicio - Confecciones Sefi\" \/>\n<meta property=\"og:description\" content=\"Moda, calidad y tradici\u00f3n Ac\u00e9rcate y vive la experiencia de la moda con cercan\u00eda y calidad. \u00bfQui\u00e9nes Somos? Confecciones Sefi, para mujeres actuales qu\u00e9 buscan de la calidez y el trato cercano de la tienda de toda la vida.Mas de 40 a\u00f1os nos avalan como comercio de referencia tanto en productos de \u00faltima tendencia de [&hellip;]\" \/>\n<meta property=\"og:url\" content=\"https:\/\/confeccionessefi.com\/en\/\" \/>\n<meta property=\"og:site_name\" content=\"Confecciones Sefi\" \/>\n<meta property=\"article:modified_time\" content=\"2025-04-02T15:56:00+00:00\" \/>\n<meta property=\"og:image\" content=\"https:\/\/confeccionessefi.com\/wp-content\/uploads\/2025\/03\/Design-sem-nome-1.png\" \/>\n\t<meta property=\"og:image:width\" content=\"1000\" \/>\n\t<meta property=\"og:image:height\" content=\"1000\" \/>\n\t<meta property=\"og:image:type\" content=\"image\/png\" \/>\n<meta name=\"twitter:card\" content=\"summary_large_image\" \/>\n<meta name=\"twitter:label1\" content=\"Estimated reading time\" \/>\n\t<meta name=\"twitter:data1\" content=\"1 minute\" \/>\n<script type=\"application\/ld+json\" class=\"yoast-schema-graph\">{\"@context\":\"https:\\\/\\\/schema.org\",\"@graph\":[{\"@type\":\"WebPage\",\"@id\":\"https:\\\/\\\/confeccionessefi.com\\\/\",\"url\":\"https:\\\/\\\/confeccionessefi.com\\\/\",\"name\":\"Inicio - Confecciones Sefi\",\"isPartOf\":{\"@id\":\"https:\\\/\\\/confeccionessefi.com\\\/#website\"},\"primaryImageOfPage\":{\"@id\":\"https:\\\/\\\/confeccionessefi.com\\\/#primaryimage\"},\"image\":{\"@id\":\"https:\\\/\\\/confeccionessefi.com\\\/#primaryimage\"},\"thumbnailUrl\":\"https:\\\/\\\/confeccionessefi.com\\\/wp-content\\\/uploads\\\/2025\\\/03\\\/Design-sem-nome-1.png\",\"datePublished\":\"2025-01-14T10:48:58+00:00\",\"dateModified\":\"2025-04-02T15:56:00+00:00\",\"breadcrumb\":{\"@id\":\"https:\\\/\\\/confeccionessefi.com\\\/#breadcrumb\"},\"inLanguage\":\"en-GB\",\"potentialAction\":[{\"@type\":\"ReadAction\",\"target\":[\"https:\\\/\\\/confeccionessefi.com\\\/\"]}]},{\"@type\":\"ImageObject\",\"inLanguage\":\"en-GB\",\"@id\":\"https:\\\/\\\/confeccionessefi.com\\\/#primaryimage\",\"url\":\"https:\\\/\\\/confeccionessefi.com\\\/wp-content\\\/uploads\\\/2025\\\/03\\\/Design-sem-nome-1.png\",\"contentUrl\":\"https:\\\/\\\/confeccionessefi.com\\\/wp-content\\\/uploads\\\/2025\\\/03\\\/Design-sem-nome-1.png\"},{\"@type\":\"BreadcrumbList\",\"@id\":\"https:\\\/\\\/confeccionessefi.com\\\/#breadcrumb\",\"itemListElement\":[{\"@type\":\"ListItem\",\"position\":1,\"name\":\"Portada\",\"item\":\"https:\\\/\\\/confeccionessefi.com\\\/\"},{\"@type\":\"ListItem\",\"position\":2,\"name\":\"Inicio\"}]},{\"@type\":\"WebSite\",\"@id\":\"https:\\\/\\\/confeccionessefi.com\\\/#website\",\"url\":\"https:\\\/\\\/confeccionessefi.com\\\/\",\"name\":\"Confecciones Sefi\",\"description\":\"Moda se\u00f1ora, lencer\u00eda y hogar. \",\"publisher\":{\"@id\":\"https:\\\/\\\/confeccionessefi.com\\\/#organization\"},\"potentialAction\":[{\"@type\":\"SearchAction\",\"target\":{\"@type\":\"EntryPoint\",\"urlTemplate\":\"https:\\\/\\\/confeccionessefi.com\\\/?s={search_term_string}\"},\"query-input\":{\"@type\":\"PropertyValueSpecification\",\"valueRequired\":true,\"valueName\":\"search_term_string\"}}],\"inLanguage\":\"en-GB\"},{\"@type\":\"Organization\",\"@id\":\"https:\\\/\\\/confeccionessefi.com\\\/#organization\",\"name\":\"Confecciones Sefi\",\"url\":\"https:\\\/\\\/confeccionessefi.com\\\/\",\"logo\":{\"@type\":\"ImageObject\",\"inLanguage\":\"en-GB\",\"@id\":\"https:\\\/\\\/confeccionessefi.com\\\/#\\\/schema\\\/logo\\\/image\\\/\",\"url\":\"https:\\\/\\\/confeccionessefi.com\\\/wp-content\\\/uploads\\\/2025\\\/03\\\/cropped-SEFI-1.png\",\"contentUrl\":\"https:\\\/\\\/confeccionessefi.com\\\/wp-content\\\/uploads\\\/2025\\\/03\\\/cropped-SEFI-1.png\",\"width\":376,\"height\":265,\"caption\":\"Confecciones Sefi\"},\"image\":{\"@id\":\"https:\\\/\\\/confeccionessefi.com\\\/#\\\/schema\\\/logo\\\/image\\\/\"}}]}<\/script>\n<!-- \/ Yoast SEO plugin. -->","yoast_head_json":{"title":"Inicio - Confecciones Sefi","robots":{"index":"index","follow":"follow","max-snippet":"max-snippet:-1","max-image-preview":"max-image-preview:large","max-video-preview":"max-video-preview:-1"},"canonical":"https:\/\/confeccionessefi.com\/en\/","og_locale":"en_GB","og_type":"article","og_title":"Inicio - Confecciones Sefi","og_description":"Moda, calidad y tradici\u00f3n Ac\u00e9rcate y vive la experiencia de la moda con cercan\u00eda y calidad. \u00bfQui\u00e9nes Somos? Confecciones Sefi, para mujeres actuales qu\u00e9 buscan de la calidez y el trato cercano de la tienda de toda la vida.Mas de 40 a\u00f1os nos avalan como comercio de referencia tanto en productos de \u00faltima tendencia de [&hellip;]","og_url":"https:\/\/confeccionessefi.com\/en\/","og_site_name":"Confecciones Sefi","article_modified_time":"2025-04-02T15:56:00+00:00","og_image":[{"width":1000,"height":1000,"url":"https:\/\/confeccionessefi.com\/wp-content\/uploads\/2025\/03\/Design-sem-nome-1.png","type":"image\/png"}],"twitter_card":"summary_large_image","twitter_misc":{"Estimated reading time":"1 minute"},"schema":{"@context":"https:\/\/schema.org","@graph":[{"@type":"WebPage","@id":"https:\/\/confeccionessefi.com\/","url":"https:\/\/confeccionessefi.com\/","name":"Inicio - Confecciones Sefi","isPartOf":{"@id":"https:\/\/confeccionessefi.com\/#website"},"primaryImageOfPage":{"@id":"https:\/\/confeccionessefi.com\/#primaryimage"},"image":{"@id":"https:\/\/confeccionessefi.com\/#primaryimage"},"thumbnailUrl":"https:\/\/confeccionessefi.com\/wp-content\/uploads\/2025\/03\/Design-sem-nome-1.png","datePublished":"2025-01-14T10:48:58+00:00","dateModified":"2025-04-02T15:56:00+00:00","breadcrumb":{"@id":"https:\/\/confeccionessefi.com\/#breadcrumb"},"inLanguage":"en-GB","potentialAction":[{"@type":"ReadAction","target":["https:\/\/confeccionessefi.com\/"]}]},{"@type":"ImageObject","inLanguage":"en-GB","@id":"https:\/\/confeccionessefi.com\/#primaryimage","url":"https:\/\/confeccionessefi.com\/wp-content\/uploads\/2025\/03\/Design-sem-nome-1.png","contentUrl":"https:\/\/confeccionessefi.com\/wp-content\/uploads\/2025\/03\/Design-sem-nome-1.png"},{"@type":"BreadcrumbList","@id":"https:\/\/confeccionessefi.com\/#breadcrumb","itemListElement":[{"@type":"ListItem","position":1,"name":"Portada","item":"https:\/\/confeccionessefi.com\/"},{"@type":"ListItem","position":2,"name":"Inicio"}]},{"@type":"WebSite","@id":"https:\/\/confeccionessefi.com\/#website","url":"https:\/\/confeccionessefi.com\/","name":"Confecciones Sefi","description":"Moda se\u00f1ora, lencer\u00eda y hogar.","publisher":{"@id":"https:\/\/confeccionessefi.com\/#organization"},"potentialAction":[{"@type":"SearchAction","target":{"@type":"EntryPoint","urlTemplate":"https:\/\/confeccionessefi.com\/?s={search_term_string}"},"query-input":{"@type":"PropertyValueSpecification","valueRequired":true,"valueName":"search_term_string"}}],"inLanguage":"en-GB"},{"@type":"Organization","@id":"https:\/\/confeccionessefi.com\/#organization","name":"Confecciones Sefi","url":"https:\/\/confeccionessefi.com\/","logo":{"@type":"ImageObject","inLanguage":"en-GB","@id":"https:\/\/confeccionessefi.com\/#\/schema\/logo\/image\/","url":"https:\/\/confeccionessefi.com\/wp-content\/uploads\/2025\/03\/cropped-SEFI-1.png","contentUrl":"https:\/\/confeccionessefi.com\/wp-content\/uploads\/2025\/03\/cropped-SEFI-1.png","width":376,"height":265,"caption":"Confecciones Sefi"},"image":{"@id":"https:\/\/confeccionessefi.com\/#\/schema\/logo\/image\/"}}]}},"_links":{"self":[{"href":"https:\/\/confeccionessefi.com\/en\/wp-json\/wp\/v2\/pages\/2","targetHints":{"allow":["GET"]}}],"collection":[{"href":"https:\/\/confeccionessefi.com\/en\/wp-json\/wp\/v2\/pages"}],"about":[{"href":"https:\/\/confeccionessefi.com\/en\/wp-json\/wp\/v2\/types\/page"}],"author":[{"embeddable":true,"href":"https:\/\/confeccionessefi.com\/en\/wp-json\/wp\/v2\/users\/3"}],"replies":[{"embeddable":true,"href":"https:\/\/confeccionessefi.com\/en\/wp-json\/wp\/v2\/comments?post=2"}],"version-history":[{"count":383,"href":"https:\/\/confeccionessefi.com\/en\/wp-json\/wp\/v2\/pages\/2\/revisions"}],"predecessor-version":[{"id":1285,"href":"https:\/\/confeccionessefi.com\/en\/wp-json\/wp\/v2\/pages\/2\/revisions\/1285"}],"wp:attachment":[{"href":"https:\/\/confeccionessefi.com\/en\/wp-json\/wp\/v2\/media?parent=2"}],"curies":[{"name":"wp","href":"https:\/\/api.w.org\/{rel}","templated":true}]}}